{"id":4737,"date":"2024-06-25T01:57:56","date_gmt":"2024-06-25T01:57:56","guid":{"rendered":"https:\/\/dev.vkiwi.mx\/?post_type=product&#038;p=4737"},"modified":"2024-09-05T20:33:33","modified_gmt":"2024-09-05T20:33:33","slug":"cilindro-neiva","status":"publish","type":"product","link":"https:\/\/dev.vkiwi.mx\/index.php\/producto\/cilindro-neiva\/","title":{"rendered":"CILINDRO NEIVA"},"content":{"rendered":"<div class=\"product_desc-row\">\n<div class=\"product_desc-img\"><img decoding=\"async\" class=\"alignnone size-medium wp-image-5243\" src=\"https:\/\/dev.vkiwi.mx\/wp-content\/uploads\/2024\/06\/ANF-037_1-Photoroom.png\" alt=\"\" \/><\/div>\n<div class=\"product_desc-desc\">\n<h4>CILINDRO NEIVA<\/h4>\n<p>Cilindro de forma prism\u00e1tica con tapa de rosca y boquilla.<\/p>\n<ul>\n<li>Categor\u00eda CILINDROS<\/li>\n<li>Material Pl\u00e1stico<\/li>\n<li>Medida 8.1 x 26 cm<\/li>\n<li>Capacidad 750 ml<\/li>\n<li>T\u00e9cnica Dtf Uv<\/li>\n<li>\u00c1rea 6 x 5 cm<\/li>\n<\/ul>\n<\/div>\n<\/div>\n","protected":false},"excerpt":{"rendered":"<p>Cilindro de forma prism\u00e1tica con tapa de rosca y boquilla.<\/p>\n<p>&nbsp;<\/p>\n","protected":false},"featured_media":5243,"comment_status":"open","ping_status":"closed","template":"","meta":[],"product_cat":[53,57,56],"product_tag":[],"class_list":{"0":"post-4737","1":"product","2":"type-product","3":"status-publish","4":"has-post-thumbnail","6":"product_cat-bebidas","7":"product_cat-cilindros","8":"product_cat-plastico","10":"first","11":"outofstock","12":"taxable","13":"shipping-taxable","14":"purchasable","15":"product-type-variable"},"yoast_head":"<!-- This site is optimized with the Yoast SEO plugin v22.9 - https:\/\/yoast.com\/wordpress\/plugins\/seo\/ -->\n<title>CILINDRO NEIVA - V.kiwi<\/title>\n<meta name=\"description\" content=\"Cilindro de forma prism\u00e1tica con tapa de rosca y boquilla .Categor\u00eda CILINDROS Material Pl\u00e1stico Medida 8.1 x 26 cm Capacidad 750 ml T\u00e9cnica Dtf Uv \u00c1rea 6 x 5 cm\" \/>\n<meta name=\"robots\" content=\"index, follow, max-snippet:-1, max-image-preview:large, max-video-preview:-1\" \/>\n<link rel=\"canonical\" href=\"https:\/\/dev.vkiwi.mx\/index.php\/producto\/cilindro-neiva\/\" \/>\n<meta property=\"og:locale\" content=\"es_ES\" \/>\n<meta property=\"og:type\" content=\"article\" \/>\n<meta property=\"og:title\" content=\"CILINDRO NEIVA - V.kiwi\" \/>\n<meta property=\"og:description\" content=\"Cilindro de forma prism\u00e1tica con tapa de rosca y boquilla .Categor\u00eda CILINDROS Material Pl\u00e1stico Medida 8.1 x 26 cm Capacidad 750 ml T\u00e9cnica Dtf Uv \u00c1rea 6 x 5 cm\" \/>\n<meta property=\"og:url\" content=\"https:\/\/dev.vkiwi.mx\/index.php\/producto\/cilindro-neiva\/\" \/>\n<meta property=\"og:site_name\" content=\"V.kiwi\" \/>\n<meta property=\"article:modified_time\" content=\"2024-09-05T20:33:33+00:00\" \/>\n<meta name=\"twitter:card\" content=\"summary_large_image\" \/>\n<meta name=\"twitter:image\" content=\"https:\/\/dev.vkiwi.mx\/wp-content\/uploads\/2024\/06\/ANF-037_1-Photoroom.png\" \/>\n<meta name=\"twitter:label1\" content=\"Tiempo de lectura\" \/>\n\t<meta name=\"twitter:data1\" content=\"1 minuto\" \/>\n<script type=\"application\/ld+json\" class=\"yoast-schema-graph\">{\"@context\":\"https:\/\/schema.org\",\"@graph\":[{\"@type\":\"WebPage\",\"@id\":\"https:\/\/dev.vkiwi.mx\/index.php\/producto\/cilindro-neiva\/\",\"url\":\"https:\/\/dev.vkiwi.mx\/index.php\/producto\/cilindro-neiva\/\",\"name\":\"CILINDRO NEIVA - V.kiwi\",\"isPartOf\":{\"@id\":\"https:\/\/dev.vkiwi.mx\/#website\"},\"primaryImageOfPage\":{\"@id\":\"https:\/\/dev.vkiwi.mx\/index.php\/producto\/cilindro-neiva\/#primaryimage\"},\"image\":{\"@id\":\"https:\/\/dev.vkiwi.mx\/index.php\/producto\/cilindro-neiva\/#primaryimage\"},\"thumbnailUrl\":\"https:\/\/dev.vkiwi.mx\/wp-content\/uploads\/2024\/06\/ANF-037_1-Photoroom.png\",\"datePublished\":\"2024-06-25T01:57:56+00:00\",\"dateModified\":\"2024-09-05T20:33:33+00:00\",\"description\":\"Cilindro de forma prism\u00e1tica con tapa de rosca y boquilla .Categor\u00eda CILINDROS Material Pl\u00e1stico Medida 8.1 x 26 cm Capacidad 750 ml T\u00e9cnica Dtf Uv \u00c1rea 6 x 5 cm\",\"breadcrumb\":{\"@id\":\"https:\/\/dev.vkiwi.mx\/index.php\/producto\/cilindro-neiva\/#breadcrumb\"},\"inLanguage\":\"es\",\"potentialAction\":[{\"@type\":\"ReadAction\",\"target\":[\"https:\/\/dev.vkiwi.mx\/index.php\/producto\/cilindro-neiva\/\"]}]},{\"@type\":\"ImageObject\",\"inLanguage\":\"es\",\"@id\":\"https:\/\/dev.vkiwi.mx\/index.php\/producto\/cilindro-neiva\/#primaryimage\",\"url\":\"https:\/\/dev.vkiwi.mx\/wp-content\/uploads\/2024\/06\/ANF-037_1-Photoroom.png\",\"contentUrl\":\"https:\/\/dev.vkiwi.mx\/wp-content\/uploads\/2024\/06\/ANF-037_1-Photoroom.png\"},{\"@type\":\"BreadcrumbList\",\"@id\":\"https:\/\/dev.vkiwi.mx\/index.php\/producto\/cilindro-neiva\/#breadcrumb\",\"itemListElement\":[{\"@type\":\"ListItem\",\"position\":1,\"name\":\"Portada\",\"item\":\"https:\/\/dev.vkiwi.mx\/\"},{\"@type\":\"ListItem\",\"position\":2,\"name\":\"Shop\",\"item\":\"https:\/\/dev.vkiwi.mx\/index.php\/shop\/\"},{\"@type\":\"ListItem\",\"position\":3,\"name\":\"CILINDRO NEIVA\"}]},{\"@type\":\"WebSite\",\"@id\":\"https:\/\/dev.vkiwi.mx\/#website\",\"url\":\"https:\/\/dev.vkiwi.mx\/\",\"name\":\"V.kiwi\",\"description\":\"Soluciones graficas\",\"publisher\":{\"@id\":\"https:\/\/dev.vkiwi.mx\/#organization\"},\"potentialAction\":[{\"@type\":\"SearchAction\",\"target\":{\"@type\":\"EntryPoint\",\"urlTemplate\":\"https:\/\/dev.vkiwi.mx\/?s={search_term_string}\"},\"query-input\":\"required name=search_term_string\"}],\"inLanguage\":\"es\"},{\"@type\":\"Organization\",\"@id\":\"https:\/\/dev.vkiwi.mx\/#organization\",\"name\":\"V.kiwi\",\"url\":\"https:\/\/dev.vkiwi.mx\/\",\"logo\":{\"@type\":\"ImageObject\",\"inLanguage\":\"es\",\"@id\":\"https:\/\/dev.vkiwi.mx\/#\/schema\/logo\/image\/\",\"url\":\"https:\/\/dev.vkiwi.mx\/wp-content\/uploads\/2024\/06\/vkiwi_logo-02.png\",\"contentUrl\":\"https:\/\/dev.vkiwi.mx\/wp-content\/uploads\/2024\/06\/vkiwi_logo-02.png\",\"width\":874,\"height\":426,\"caption\":\"V.kiwi\"},\"image\":{\"@id\":\"https:\/\/dev.vkiwi.mx\/#\/schema\/logo\/image\/\"}}]}<\/script>\n<!-- \/ Yoast SEO plugin. -->","yoast_head_json":{"title":"CILINDRO NEIVA - V.kiwi","description":"Cilindro de forma prism\u00e1tica con tapa de rosca y boquilla .Categor\u00eda CILINDROS Material Pl\u00e1stico Medida 8.1 x 26 cm Capacidad 750 ml T\u00e9cnica Dtf Uv \u00c1rea 6 x 5 cm","robots":{"index":"index","follow":"follow","max-snippet":"max-snippet:-1","max-image-preview":"max-image-preview:large","max-video-preview":"max-video-preview:-1"},"canonical":"https:\/\/dev.vkiwi.mx\/index.php\/producto\/cilindro-neiva\/","og_locale":"es_ES","og_type":"article","og_title":"CILINDRO NEIVA - V.kiwi","og_description":"Cilindro de forma prism\u00e1tica con tapa de rosca y boquilla .Categor\u00eda CILINDROS Material Pl\u00e1stico Medida 8.1 x 26 cm Capacidad 750 ml T\u00e9cnica Dtf Uv \u00c1rea 6 x 5 cm","og_url":"https:\/\/dev.vkiwi.mx\/index.php\/producto\/cilindro-neiva\/","og_site_name":"V.kiwi","article_modified_time":"2024-09-05T20:33:33+00:00","twitter_card":"summary_large_image","twitter_image":"https:\/\/dev.vkiwi.mx\/wp-content\/uploads\/2024\/06\/ANF-037_1-Photoroom.png","twitter_misc":{"Tiempo de lectura":"1 minuto"},"schema":{"@context":"https:\/\/schema.org","@graph":[{"@type":"WebPage","@id":"https:\/\/dev.vkiwi.mx\/index.php\/producto\/cilindro-neiva\/","url":"https:\/\/dev.vkiwi.mx\/index.php\/producto\/cilindro-neiva\/","name":"CILINDRO NEIVA - V.kiwi","isPartOf":{"@id":"https:\/\/dev.vkiwi.mx\/#website"},"primaryImageOfPage":{"@id":"https:\/\/dev.vkiwi.mx\/index.php\/producto\/cilindro-neiva\/#primaryimage"},"image":{"@id":"https:\/\/dev.vkiwi.mx\/index.php\/producto\/cilindro-neiva\/#primaryimage"},"thumbnailUrl":"https:\/\/dev.vkiwi.mx\/wp-content\/uploads\/2024\/06\/ANF-037_1-Photoroom.png","datePublished":"2024-06-25T01:57:56+00:00","dateModified":"2024-09-05T20:33:33+00:00","description":"Cilindro de forma prism\u00e1tica con tapa de rosca y boquilla .Categor\u00eda CILINDROS Material Pl\u00e1stico Medida 8.1 x 26 cm Capacidad 750 ml T\u00e9cnica Dtf Uv \u00c1rea 6 x 5 cm","breadcrumb":{"@id":"https:\/\/dev.vkiwi.mx\/index.php\/producto\/cilindro-neiva\/#breadcrumb"},"inLanguage":"es","potentialAction":[{"@type":"ReadAction","target":["https:\/\/dev.vkiwi.mx\/index.php\/producto\/cilindro-neiva\/"]}]},{"@type":"ImageObject","inLanguage":"es","@id":"https:\/\/dev.vkiwi.mx\/index.php\/producto\/cilindro-neiva\/#primaryimage","url":"https:\/\/dev.vkiwi.mx\/wp-content\/uploads\/2024\/06\/ANF-037_1-Photoroom.png","contentUrl":"https:\/\/dev.vkiwi.mx\/wp-content\/uploads\/2024\/06\/ANF-037_1-Photoroom.png"},{"@type":"BreadcrumbList","@id":"https:\/\/dev.vkiwi.mx\/index.php\/producto\/cilindro-neiva\/#breadcrumb","itemListElement":[{"@type":"ListItem","position":1,"name":"Portada","item":"https:\/\/dev.vkiwi.mx\/"},{"@type":"ListItem","position":2,"name":"Shop","item":"https:\/\/dev.vkiwi.mx\/index.php\/shop\/"},{"@type":"ListItem","position":3,"name":"CILINDRO NEIVA"}]},{"@type":"WebSite","@id":"https:\/\/dev.vkiwi.mx\/#website","url":"https:\/\/dev.vkiwi.mx\/","name":"V.kiwi","description":"Soluciones graficas","publisher":{"@id":"https:\/\/dev.vkiwi.mx\/#organization"},"potentialAction":[{"@type":"SearchAction","target":{"@type":"EntryPoint","urlTemplate":"https:\/\/dev.vkiwi.mx\/?s={search_term_string}"},"query-input":"required name=search_term_string"}],"inLanguage":"es"},{"@type":"Organization","@id":"https:\/\/dev.vkiwi.mx\/#organization","name":"V.kiwi","url":"https:\/\/dev.vkiwi.mx\/","logo":{"@type":"ImageObject","inLanguage":"es","@id":"https:\/\/dev.vkiwi.mx\/#\/schema\/logo\/image\/","url":"https:\/\/dev.vkiwi.mx\/wp-content\/uploads\/2024\/06\/vkiwi_logo-02.png","contentUrl":"https:\/\/dev.vkiwi.mx\/wp-content\/uploads\/2024\/06\/vkiwi_logo-02.png","width":874,"height":426,"caption":"V.kiwi"},"image":{"@id":"https:\/\/dev.vkiwi.mx\/#\/schema\/logo\/image\/"}}]}},"jetpack_sharing_enabled":true,"_links":{"self":[{"href":"https:\/\/dev.vkiwi.mx\/index.php\/wp-json\/wp\/v2\/product\/4737","targetHints":{"allow":["GET"]}}],"collection":[{"href":"https:\/\/dev.vkiwi.mx\/index.php\/wp-json\/wp\/v2\/product"}],"about":[{"href":"https:\/\/dev.vkiwi.mx\/index.php\/wp-json\/wp\/v2\/types\/product"}],"replies":[{"embeddable":true,"href":"https:\/\/dev.vkiwi.mx\/index.php\/wp-json\/wp\/v2\/comments?post=4737"}],"wp:featuredmedia":[{"embeddable":true,"href":"https:\/\/dev.vkiwi.mx\/index.php\/wp-json\/wp\/v2\/media\/5243"}],"wp:attachment":[{"href":"https:\/\/dev.vkiwi.mx\/index.php\/wp-json\/wp\/v2\/media?parent=4737"}],"wp:term":[{"taxonomy":"product_cat","embeddable":true,"href":"https:\/\/dev.vkiwi.mx\/index.php\/wp-json\/wp\/v2\/product_cat?post=4737"},{"taxonomy":"product_tag","embeddable":true,"href":"https:\/\/dev.vkiwi.mx\/index.php\/wp-json\/wp\/v2\/product_tag?post=4737"}],"curies":[{"name":"wp","href":"https:\/\/api.w.org\/{rel}","templated":true}]}}