{"id":4764,"date":"2024-06-25T01:57:59","date_gmt":"2024-06-25T01:57:59","guid":{"rendered":"https:\/\/dev.vkiwi.mx\/?post_type=product&#038;p=4764"},"modified":"2024-07-29T22:54:22","modified_gmt":"2024-07-29T22:54:22","slug":"small-breed-girly","status":"publish","type":"product","link":"https:\/\/dev.vkiwi.mx\/index.php\/producto\/small-breed-girly\/","title":{"rendered":"CILINDRO LIAM"},"content":{"rendered":"<div class=\"product_desc-row\">\n<div class=\"product_desc-img\"><img fetchpriority=\"high\" decoding=\"async\" class=\"alignnone size-full wp-image-5002\" src=\"https:\/\/dev.vkiwi.mx\/wp-content\/uploads\/2024\/06\/tmps-171_.png\" alt=\"\" width=\"1200\" height=\"1200\" \/><\/div>\n<div class=\"product_desc-desc\">\n<h4>CILINDRO LIAM<\/h4>\n<p>Cilindro met\u00e1lico de una pared y tapa de pl\u00e1stico con cierre de rosca. Incluye aro met\u00e1lico en la tapa que funciona como asa. Terminado mate.<\/p>\n<p>Material Acero Inoxidable \/ Pl\u00e1stico<br \/>\nMedida 6.5 x 21 cm<br \/>\nCapacidad 600 ml<br \/>\nL\u00e1ser \/ Dtf Uv<br \/>\n\u00c1rea 5 x 10 cm<\/p>\n<\/div>\n<\/div>\n","protected":false},"excerpt":{"rendered":"<p>Cilindro met\u00e1lico de una pared y tapa de pl\u00e1stico con cierre de rosca. Incluye aro met\u00e1lico en la tapa que funciona comoasa. Terminado mate.<\/p>\n","protected":false},"featured_media":5002,"comment_status":"open","ping_status":"closed","template":"","meta":[],"product_cat":[53,57,54],"product_tag":[],"class_list":{"0":"post-4764","1":"product","2":"type-product","3":"status-publish","4":"has-post-thumbnail","6":"product_cat-bebidas","7":"product_cat-cilindros","8":"product_cat-metalicos","10":"first","11":"outofstock","12":"taxable","13":"shipping-taxable","14":"purchasable","15":"product-type-variable"},"yoast_head":"<!-- This site is optimized with the Yoast SEO plugin v22.9 - https:\/\/yoast.com\/wordpress\/plugins\/seo\/ -->\n<title>CILINDRO LIAM - V.kiwi<\/title>\n<meta name=\"description\" content=\"Cilindro met\u00e1lico de una pared y tapa de pl\u00e1stico con cierre de rosca. Incluye aro met\u00e1lico en la tapa que funciona como asa. Terminado mate.\" \/>\n<meta name=\"robots\" content=\"index, follow, max-snippet:-1, max-image-preview:large, max-video-preview:-1\" \/>\n<link rel=\"canonical\" href=\"https:\/\/dev.vkiwi.mx\/index.php\/producto\/small-breed-girly\/\" \/>\n<meta property=\"og:locale\" content=\"es_ES\" \/>\n<meta property=\"og:type\" content=\"article\" \/>\n<meta property=\"og:title\" content=\"CILINDRO LIAM - V.kiwi\" \/>\n<meta property=\"og:description\" content=\"Cilindro met\u00e1lico de una pared y tapa de pl\u00e1stico con cierre de rosca. Incluye aro met\u00e1lico en la tapa que funciona como asa. Terminado mate.\" \/>\n<meta property=\"og:url\" content=\"https:\/\/dev.vkiwi.mx\/index.php\/producto\/small-breed-girly\/\" \/>\n<meta property=\"og:site_name\" content=\"V.kiwi\" \/>\n<meta property=\"article:modified_time\" content=\"2024-07-29T22:54:22+00:00\" \/>\n<meta property=\"og:image\" content=\"https:\/\/dev.vkiwi.mx\/wp-content\/uploads\/2024\/06\/tmps-171_.png\" \/>\n\t<meta property=\"og:image:width\" content=\"1200\" \/>\n\t<meta property=\"og:image:height\" content=\"1200\" \/>\n\t<meta property=\"og:image:type\" content=\"image\/png\" \/>\n<meta name=\"twitter:card\" content=\"summary_large_image\" \/>\n<meta name=\"twitter:label1\" content=\"Tiempo de lectura\" \/>\n\t<meta name=\"twitter:data1\" content=\"1 minuto\" \/>\n<script type=\"application\/ld+json\" class=\"yoast-schema-graph\">{\"@context\":\"https:\/\/schema.org\",\"@graph\":[{\"@type\":\"WebPage\",\"@id\":\"https:\/\/dev.vkiwi.mx\/index.php\/producto\/small-breed-girly\/\",\"url\":\"https:\/\/dev.vkiwi.mx\/index.php\/producto\/small-breed-girly\/\",\"name\":\"CILINDRO LIAM - V.kiwi\",\"isPartOf\":{\"@id\":\"https:\/\/dev.vkiwi.mx\/#website\"},\"primaryImageOfPage\":{\"@id\":\"https:\/\/dev.vkiwi.mx\/index.php\/producto\/small-breed-girly\/#primaryimage\"},\"image\":{\"@id\":\"https:\/\/dev.vkiwi.mx\/index.php\/producto\/small-breed-girly\/#primaryimage\"},\"thumbnailUrl\":\"https:\/\/dev.vkiwi.mx\/wp-content\/uploads\/2024\/06\/tmps-171_.png\",\"datePublished\":\"2024-06-25T01:57:59+00:00\",\"dateModified\":\"2024-07-29T22:54:22+00:00\",\"description\":\"Cilindro met\u00e1lico de una pared y tapa de pl\u00e1stico con cierre de rosca. Incluye aro met\u00e1lico en la tapa que funciona como asa. Terminado mate.\",\"breadcrumb\":{\"@id\":\"https:\/\/dev.vkiwi.mx\/index.php\/producto\/small-breed-girly\/#breadcrumb\"},\"inLanguage\":\"es\",\"potentialAction\":[{\"@type\":\"ReadAction\",\"target\":[\"https:\/\/dev.vkiwi.mx\/index.php\/producto\/small-breed-girly\/\"]}]},{\"@type\":\"ImageObject\",\"inLanguage\":\"es\",\"@id\":\"https:\/\/dev.vkiwi.mx\/index.php\/producto\/small-breed-girly\/#primaryimage\",\"url\":\"https:\/\/dev.vkiwi.mx\/wp-content\/uploads\/2024\/06\/tmps-171_.png\",\"contentUrl\":\"https:\/\/dev.vkiwi.mx\/wp-content\/uploads\/2024\/06\/tmps-171_.png\",\"width\":1200,\"height\":1200},{\"@type\":\"BreadcrumbList\",\"@id\":\"https:\/\/dev.vkiwi.mx\/index.php\/producto\/small-breed-girly\/#breadcrumb\",\"itemListElement\":[{\"@type\":\"ListItem\",\"position\":1,\"name\":\"Portada\",\"item\":\"https:\/\/dev.vkiwi.mx\/\"},{\"@type\":\"ListItem\",\"position\":2,\"name\":\"Shop\",\"item\":\"https:\/\/dev.vkiwi.mx\/index.php\/shop\/\"},{\"@type\":\"ListItem\",\"position\":3,\"name\":\"CILINDRO LIAM\"}]},{\"@type\":\"WebSite\",\"@id\":\"https:\/\/dev.vkiwi.mx\/#website\",\"url\":\"https:\/\/dev.vkiwi.mx\/\",\"name\":\"V.kiwi\",\"description\":\"Soluciones graficas\",\"publisher\":{\"@id\":\"https:\/\/dev.vkiwi.mx\/#organization\"},\"potentialAction\":[{\"@type\":\"SearchAction\",\"target\":{\"@type\":\"EntryPoint\",\"urlTemplate\":\"https:\/\/dev.vkiwi.mx\/?s={search_term_string}\"},\"query-input\":\"required name=search_term_string\"}],\"inLanguage\":\"es\"},{\"@type\":\"Organization\",\"@id\":\"https:\/\/dev.vkiwi.mx\/#organization\",\"name\":\"V.kiwi\",\"url\":\"https:\/\/dev.vkiwi.mx\/\",\"logo\":{\"@type\":\"ImageObject\",\"inLanguage\":\"es\",\"@id\":\"https:\/\/dev.vkiwi.mx\/#\/schema\/logo\/image\/\",\"url\":\"https:\/\/dev.vkiwi.mx\/wp-content\/uploads\/2024\/06\/vkiwi_logo-02.png\",\"contentUrl\":\"https:\/\/dev.vkiwi.mx\/wp-content\/uploads\/2024\/06\/vkiwi_logo-02.png\",\"width\":874,\"height\":426,\"caption\":\"V.kiwi\"},\"image\":{\"@id\":\"https:\/\/dev.vkiwi.mx\/#\/schema\/logo\/image\/\"}}]}<\/script>\n<!-- \/ Yoast SEO plugin. -->","yoast_head_json":{"title":"CILINDRO LIAM - V.kiwi","description":"Cilindro met\u00e1lico de una pared y tapa de pl\u00e1stico con cierre de rosca. Incluye aro met\u00e1lico en la tapa que funciona como asa. Terminado mate.","robots":{"index":"index","follow":"follow","max-snippet":"max-snippet:-1","max-image-preview":"max-image-preview:large","max-video-preview":"max-video-preview:-1"},"canonical":"https:\/\/dev.vkiwi.mx\/index.php\/producto\/small-breed-girly\/","og_locale":"es_ES","og_type":"article","og_title":"CILINDRO LIAM - V.kiwi","og_description":"Cilindro met\u00e1lico de una pared y tapa de pl\u00e1stico con cierre de rosca. Incluye aro met\u00e1lico en la tapa que funciona como asa. Terminado mate.","og_url":"https:\/\/dev.vkiwi.mx\/index.php\/producto\/small-breed-girly\/","og_site_name":"V.kiwi","article_modified_time":"2024-07-29T22:54:22+00:00","og_image":[{"width":1200,"height":1200,"url":"https:\/\/dev.vkiwi.mx\/wp-content\/uploads\/2024\/06\/tmps-171_.png","type":"image\/png"}],"twitter_card":"summary_large_image","twitter_misc":{"Tiempo de lectura":"1 minuto"},"schema":{"@context":"https:\/\/schema.org","@graph":[{"@type":"WebPage","@id":"https:\/\/dev.vkiwi.mx\/index.php\/producto\/small-breed-girly\/","url":"https:\/\/dev.vkiwi.mx\/index.php\/producto\/small-breed-girly\/","name":"CILINDRO LIAM - V.kiwi","isPartOf":{"@id":"https:\/\/dev.vkiwi.mx\/#website"},"primaryImageOfPage":{"@id":"https:\/\/dev.vkiwi.mx\/index.php\/producto\/small-breed-girly\/#primaryimage"},"image":{"@id":"https:\/\/dev.vkiwi.mx\/index.php\/producto\/small-breed-girly\/#primaryimage"},"thumbnailUrl":"https:\/\/dev.vkiwi.mx\/wp-content\/uploads\/2024\/06\/tmps-171_.png","datePublished":"2024-06-25T01:57:59+00:00","dateModified":"2024-07-29T22:54:22+00:00","description":"Cilindro met\u00e1lico de una pared y tapa de pl\u00e1stico con cierre de rosca. Incluye aro met\u00e1lico en la tapa que funciona como asa. Terminado mate.","breadcrumb":{"@id":"https:\/\/dev.vkiwi.mx\/index.php\/producto\/small-breed-girly\/#breadcrumb"},"inLanguage":"es","potentialAction":[{"@type":"ReadAction","target":["https:\/\/dev.vkiwi.mx\/index.php\/producto\/small-breed-girly\/"]}]},{"@type":"ImageObject","inLanguage":"es","@id":"https:\/\/dev.vkiwi.mx\/index.php\/producto\/small-breed-girly\/#primaryimage","url":"https:\/\/dev.vkiwi.mx\/wp-content\/uploads\/2024\/06\/tmps-171_.png","contentUrl":"https:\/\/dev.vkiwi.mx\/wp-content\/uploads\/2024\/06\/tmps-171_.png","width":1200,"height":1200},{"@type":"BreadcrumbList","@id":"https:\/\/dev.vkiwi.mx\/index.php\/producto\/small-breed-girly\/#breadcrumb","itemListElement":[{"@type":"ListItem","position":1,"name":"Portada","item":"https:\/\/dev.vkiwi.mx\/"},{"@type":"ListItem","position":2,"name":"Shop","item":"https:\/\/dev.vkiwi.mx\/index.php\/shop\/"},{"@type":"ListItem","position":3,"name":"CILINDRO LIAM"}]},{"@type":"WebSite","@id":"https:\/\/dev.vkiwi.mx\/#website","url":"https:\/\/dev.vkiwi.mx\/","name":"V.kiwi","description":"Soluciones graficas","publisher":{"@id":"https:\/\/dev.vkiwi.mx\/#organization"},"potentialAction":[{"@type":"SearchAction","target":{"@type":"EntryPoint","urlTemplate":"https:\/\/dev.vkiwi.mx\/?s={search_term_string}"},"query-input":"required name=search_term_string"}],"inLanguage":"es"},{"@type":"Organization","@id":"https:\/\/dev.vkiwi.mx\/#organization","name":"V.kiwi","url":"https:\/\/dev.vkiwi.mx\/","logo":{"@type":"ImageObject","inLanguage":"es","@id":"https:\/\/dev.vkiwi.mx\/#\/schema\/logo\/image\/","url":"https:\/\/dev.vkiwi.mx\/wp-content\/uploads\/2024\/06\/vkiwi_logo-02.png","contentUrl":"https:\/\/dev.vkiwi.mx\/wp-content\/uploads\/2024\/06\/vkiwi_logo-02.png","width":874,"height":426,"caption":"V.kiwi"},"image":{"@id":"https:\/\/dev.vkiwi.mx\/#\/schema\/logo\/image\/"}}]}},"jetpack_sharing_enabled":true,"_links":{"self":[{"href":"https:\/\/dev.vkiwi.mx\/index.php\/wp-json\/wp\/v2\/product\/4764","targetHints":{"allow":["GET"]}}],"collection":[{"href":"https:\/\/dev.vkiwi.mx\/index.php\/wp-json\/wp\/v2\/product"}],"about":[{"href":"https:\/\/dev.vkiwi.mx\/index.php\/wp-json\/wp\/v2\/types\/product"}],"replies":[{"embeddable":true,"href":"https:\/\/dev.vkiwi.mx\/index.php\/wp-json\/wp\/v2\/comments?post=4764"}],"wp:featuredmedia":[{"embeddable":true,"href":"https:\/\/dev.vkiwi.mx\/index.php\/wp-json\/wp\/v2\/media\/5002"}],"wp:attachment":[{"href":"https:\/\/dev.vkiwi.mx\/index.php\/wp-json\/wp\/v2\/media?parent=4764"}],"wp:term":[{"taxonomy":"product_cat","embeddable":true,"href":"https:\/\/dev.vkiwi.mx\/index.php\/wp-json\/wp\/v2\/product_cat?post=4764"},{"taxonomy":"product_tag","embeddable":true,"href":"https:\/\/dev.vkiwi.mx\/index.php\/wp-json\/wp\/v2\/product_tag?post=4764"}],"curies":[{"name":"wp","href":"https:\/\/api.w.org\/{rel}","templated":true}]}}