{"id":5736,"date":"2024-07-22T19:55:55","date_gmt":"2024-07-22T19:55:55","guid":{"rendered":"https:\/\/dev.vkiwi.mx\/?post_type=product&#038;p=5736"},"modified":"2024-07-22T19:55:55","modified_gmt":"2024-07-22T19:55:55","slug":"set-kalita","status":"publish","type":"product","link":"https:\/\/dev.vkiwi.mx\/index.php\/producto\/set-kalita\/","title":{"rendered":"SET KALITA"},"content":{"rendered":"<p><img fetchpriority=\"high\" decoding=\"async\" class=\"alignnone size-full wp-image-5743\" src=\"https:\/\/dev.vkiwi.mx\/wp-content\/uploads\/2024\/07\/tmps-195-n-Photoroom.png\" alt=\"\" width=\"1200\" height=\"1200\" \/><\/p>\n<h4>SET KALITA<\/h4>\n<p>Set de regalo con 1 termo cuya tapa sirve como taza y 2 tazas adicionales. Termo doble pared cerrado al vac\u00edo, pared interna y externa de acero inoxidable, tapa interna de rosca con sistema push para verter f\u00e1cilmente sin retirar el tap\u00f3n, mantiene temperatura caliente 6 hrs y temperatura fr\u00eda 8 hrs. Las tazas de acero inoxidable con un recubrimiento y asa de pl\u00e1stico.<\/p>\n<p>Material Acero Inoxidable \/ Pl\u00e1stico<br \/>\nMedida 6.8 x 23 cm Termo \/ 5.9 x 5.9 cm Tazas \/ 30.5 x 7.3 x 23.5 cm Caja<br \/>\nCapacidad 500 ml Termo \/ 160 ml Tazas<br \/>\nT\u00e9cnica L\u00e1ser \/ Dtf Uv<br \/>\n\u00c1rea 6 x 10 cm<\/p>\n","protected":false},"excerpt":{"rendered":"<p>Set de regalo con 1 termo cuya tapa sirve como taza y 2 tazas adicionales. Termo doble pared cerrado al vac\u00edo, pared interna y externa de acero inoxidable, tapa interna de rosca con sistema push para verter f\u00e1cilmente sin retirar el tap\u00f3n, mantiene temperatura caliente 6 hrs y temperatura fr\u00eda 8 hrs.<\/p>\n","protected":false},"featured_media":5743,"comment_status":"open","ping_status":"closed","template":"","meta":[],"product_cat":[53,15],"product_tag":[],"class_list":{"0":"post-5736","1":"product","2":"type-product","3":"status-publish","4":"has-post-thumbnail","6":"product_cat-bebidas","7":"product_cat-termos","9":"first","10":"outofstock","11":"taxable","12":"shipping-taxable","13":"purchasable","14":"product-type-simple"},"yoast_head":"<!-- This site is optimized with the Yoast SEO plugin v22.9 - https:\/\/yoast.com\/wordpress\/plugins\/seo\/ -->\n<title>SET KALITA - V.kiwi<\/title>\n<meta name=\"description\" content=\"Set de regalo con 1 termo cuya tapa sirve como taza y 2 tazas adicionales. Termo doble pared cerrado al vac\u00edo, pared interna y externa de acero inoxidable.\" \/>\n<meta name=\"robots\" content=\"index, follow, max-snippet:-1, max-image-preview:large, max-video-preview:-1\" \/>\n<link rel=\"canonical\" href=\"https:\/\/dev.vkiwi.mx\/index.php\/producto\/set-kalita\/\" \/>\n<meta property=\"og:locale\" content=\"es_ES\" \/>\n<meta property=\"og:type\" content=\"article\" \/>\n<meta property=\"og:title\" content=\"SET KALITA - V.kiwi\" \/>\n<meta property=\"og:description\" content=\"Set de regalo con 1 termo cuya tapa sirve como taza y 2 tazas adicionales. Termo doble pared cerrado al vac\u00edo, pared interna y externa de acero inoxidable.\" \/>\n<meta property=\"og:url\" content=\"https:\/\/dev.vkiwi.mx\/index.php\/producto\/set-kalita\/\" \/>\n<meta property=\"og:site_name\" content=\"V.kiwi\" \/>\n<meta property=\"og:image\" content=\"https:\/\/dev.vkiwi.mx\/wp-content\/uploads\/2024\/07\/tmps-195-n-Photoroom.png\" \/>\n\t<meta property=\"og:image:width\" content=\"1200\" \/>\n\t<meta property=\"og:image:height\" content=\"1200\" \/>\n\t<meta property=\"og:image:type\" content=\"image\/png\" \/>\n<meta name=\"twitter:card\" content=\"summary_large_image\" \/>\n<meta name=\"twitter:label1\" content=\"Tiempo de lectura\" \/>\n\t<meta name=\"twitter:data1\" content=\"1 minuto\" \/>\n<script type=\"application\/ld+json\" class=\"yoast-schema-graph\">{\"@context\":\"https:\/\/schema.org\",\"@graph\":[{\"@type\":\"WebPage\",\"@id\":\"https:\/\/dev.vkiwi.mx\/index.php\/producto\/set-kalita\/\",\"url\":\"https:\/\/dev.vkiwi.mx\/index.php\/producto\/set-kalita\/\",\"name\":\"SET KALITA - V.kiwi\",\"isPartOf\":{\"@id\":\"https:\/\/dev.vkiwi.mx\/#website\"},\"primaryImageOfPage\":{\"@id\":\"https:\/\/dev.vkiwi.mx\/index.php\/producto\/set-kalita\/#primaryimage\"},\"image\":{\"@id\":\"https:\/\/dev.vkiwi.mx\/index.php\/producto\/set-kalita\/#primaryimage\"},\"thumbnailUrl\":\"https:\/\/dev.vkiwi.mx\/wp-content\/uploads\/2024\/07\/tmps-195-n-Photoroom.png\",\"datePublished\":\"2024-07-22T19:55:55+00:00\",\"dateModified\":\"2024-07-22T19:55:55+00:00\",\"description\":\"Set de regalo con 1 termo cuya tapa sirve como taza y 2 tazas adicionales. Termo doble pared cerrado al vac\u00edo, pared interna y externa de acero inoxidable.\",\"breadcrumb\":{\"@id\":\"https:\/\/dev.vkiwi.mx\/index.php\/producto\/set-kalita\/#breadcrumb\"},\"inLanguage\":\"es\",\"potentialAction\":[{\"@type\":\"ReadAction\",\"target\":[\"https:\/\/dev.vkiwi.mx\/index.php\/producto\/set-kalita\/\"]}]},{\"@type\":\"ImageObject\",\"inLanguage\":\"es\",\"@id\":\"https:\/\/dev.vkiwi.mx\/index.php\/producto\/set-kalita\/#primaryimage\",\"url\":\"https:\/\/dev.vkiwi.mx\/wp-content\/uploads\/2024\/07\/tmps-195-n-Photoroom.png\",\"contentUrl\":\"https:\/\/dev.vkiwi.mx\/wp-content\/uploads\/2024\/07\/tmps-195-n-Photoroom.png\",\"width\":1200,\"height\":1200},{\"@type\":\"BreadcrumbList\",\"@id\":\"https:\/\/dev.vkiwi.mx\/index.php\/producto\/set-kalita\/#breadcrumb\",\"itemListElement\":[{\"@type\":\"ListItem\",\"position\":1,\"name\":\"Portada\",\"item\":\"https:\/\/dev.vkiwi.mx\/\"},{\"@type\":\"ListItem\",\"position\":2,\"name\":\"Shop\",\"item\":\"https:\/\/dev.vkiwi.mx\/index.php\/shop\/\"},{\"@type\":\"ListItem\",\"position\":3,\"name\":\"SET KALITA\"}]},{\"@type\":\"WebSite\",\"@id\":\"https:\/\/dev.vkiwi.mx\/#website\",\"url\":\"https:\/\/dev.vkiwi.mx\/\",\"name\":\"V.kiwi\",\"description\":\"Soluciones graficas\",\"publisher\":{\"@id\":\"https:\/\/dev.vkiwi.mx\/#organization\"},\"potentialAction\":[{\"@type\":\"SearchAction\",\"target\":{\"@type\":\"EntryPoint\",\"urlTemplate\":\"https:\/\/dev.vkiwi.mx\/?s={search_term_string}\"},\"query-input\":\"required name=search_term_string\"}],\"inLanguage\":\"es\"},{\"@type\":\"Organization\",\"@id\":\"https:\/\/dev.vkiwi.mx\/#organization\",\"name\":\"V.kiwi\",\"url\":\"https:\/\/dev.vkiwi.mx\/\",\"logo\":{\"@type\":\"ImageObject\",\"inLanguage\":\"es\",\"@id\":\"https:\/\/dev.vkiwi.mx\/#\/schema\/logo\/image\/\",\"url\":\"https:\/\/dev.vkiwi.mx\/wp-content\/uploads\/2024\/06\/vkiwi_logo-02.png\",\"contentUrl\":\"https:\/\/dev.vkiwi.mx\/wp-content\/uploads\/2024\/06\/vkiwi_logo-02.png\",\"width\":874,\"height\":426,\"caption\":\"V.kiwi\"},\"image\":{\"@id\":\"https:\/\/dev.vkiwi.mx\/#\/schema\/logo\/image\/\"}}]}<\/script>\n<!-- \/ Yoast SEO plugin. -->","yoast_head_json":{"title":"SET KALITA - V.kiwi","description":"Set de regalo con 1 termo cuya tapa sirve como taza y 2 tazas adicionales. Termo doble pared cerrado al vac\u00edo, pared interna y externa de acero inoxidable.","robots":{"index":"index","follow":"follow","max-snippet":"max-snippet:-1","max-image-preview":"max-image-preview:large","max-video-preview":"max-video-preview:-1"},"canonical":"https:\/\/dev.vkiwi.mx\/index.php\/producto\/set-kalita\/","og_locale":"es_ES","og_type":"article","og_title":"SET KALITA - V.kiwi","og_description":"Set de regalo con 1 termo cuya tapa sirve como taza y 2 tazas adicionales. Termo doble pared cerrado al vac\u00edo, pared interna y externa de acero inoxidable.","og_url":"https:\/\/dev.vkiwi.mx\/index.php\/producto\/set-kalita\/","og_site_name":"V.kiwi","og_image":[{"width":1200,"height":1200,"url":"https:\/\/dev.vkiwi.mx\/wp-content\/uploads\/2024\/07\/tmps-195-n-Photoroom.png","type":"image\/png"}],"twitter_card":"summary_large_image","twitter_misc":{"Tiempo de lectura":"1 minuto"},"schema":{"@context":"https:\/\/schema.org","@graph":[{"@type":"WebPage","@id":"https:\/\/dev.vkiwi.mx\/index.php\/producto\/set-kalita\/","url":"https:\/\/dev.vkiwi.mx\/index.php\/producto\/set-kalita\/","name":"SET KALITA - V.kiwi","isPartOf":{"@id":"https:\/\/dev.vkiwi.mx\/#website"},"primaryImageOfPage":{"@id":"https:\/\/dev.vkiwi.mx\/index.php\/producto\/set-kalita\/#primaryimage"},"image":{"@id":"https:\/\/dev.vkiwi.mx\/index.php\/producto\/set-kalita\/#primaryimage"},"thumbnailUrl":"https:\/\/dev.vkiwi.mx\/wp-content\/uploads\/2024\/07\/tmps-195-n-Photoroom.png","datePublished":"2024-07-22T19:55:55+00:00","dateModified":"2024-07-22T19:55:55+00:00","description":"Set de regalo con 1 termo cuya tapa sirve como taza y 2 tazas adicionales. Termo doble pared cerrado al vac\u00edo, pared interna y externa de acero inoxidable.","breadcrumb":{"@id":"https:\/\/dev.vkiwi.mx\/index.php\/producto\/set-kalita\/#breadcrumb"},"inLanguage":"es","potentialAction":[{"@type":"ReadAction","target":["https:\/\/dev.vkiwi.mx\/index.php\/producto\/set-kalita\/"]}]},{"@type":"ImageObject","inLanguage":"es","@id":"https:\/\/dev.vkiwi.mx\/index.php\/producto\/set-kalita\/#primaryimage","url":"https:\/\/dev.vkiwi.mx\/wp-content\/uploads\/2024\/07\/tmps-195-n-Photoroom.png","contentUrl":"https:\/\/dev.vkiwi.mx\/wp-content\/uploads\/2024\/07\/tmps-195-n-Photoroom.png","width":1200,"height":1200},{"@type":"BreadcrumbList","@id":"https:\/\/dev.vkiwi.mx\/index.php\/producto\/set-kalita\/#breadcrumb","itemListElement":[{"@type":"ListItem","position":1,"name":"Portada","item":"https:\/\/dev.vkiwi.mx\/"},{"@type":"ListItem","position":2,"name":"Shop","item":"https:\/\/dev.vkiwi.mx\/index.php\/shop\/"},{"@type":"ListItem","position":3,"name":"SET KALITA"}]},{"@type":"WebSite","@id":"https:\/\/dev.vkiwi.mx\/#website","url":"https:\/\/dev.vkiwi.mx\/","name":"V.kiwi","description":"Soluciones graficas","publisher":{"@id":"https:\/\/dev.vkiwi.mx\/#organization"},"potentialAction":[{"@type":"SearchAction","target":{"@type":"EntryPoint","urlTemplate":"https:\/\/dev.vkiwi.mx\/?s={search_term_string}"},"query-input":"required name=search_term_string"}],"inLanguage":"es"},{"@type":"Organization","@id":"https:\/\/dev.vkiwi.mx\/#organization","name":"V.kiwi","url":"https:\/\/dev.vkiwi.mx\/","logo":{"@type":"ImageObject","inLanguage":"es","@id":"https:\/\/dev.vkiwi.mx\/#\/schema\/logo\/image\/","url":"https:\/\/dev.vkiwi.mx\/wp-content\/uploads\/2024\/06\/vkiwi_logo-02.png","contentUrl":"https:\/\/dev.vkiwi.mx\/wp-content\/uploads\/2024\/06\/vkiwi_logo-02.png","width":874,"height":426,"caption":"V.kiwi"},"image":{"@id":"https:\/\/dev.vkiwi.mx\/#\/schema\/logo\/image\/"}}]}},"jetpack_sharing_enabled":true,"_links":{"self":[{"href":"https:\/\/dev.vkiwi.mx\/index.php\/wp-json\/wp\/v2\/product\/5736","targetHints":{"allow":["GET"]}}],"collection":[{"href":"https:\/\/dev.vkiwi.mx\/index.php\/wp-json\/wp\/v2\/product"}],"about":[{"href":"https:\/\/dev.vkiwi.mx\/index.php\/wp-json\/wp\/v2\/types\/product"}],"replies":[{"embeddable":true,"href":"https:\/\/dev.vkiwi.mx\/index.php\/wp-json\/wp\/v2\/comments?post=5736"}],"wp:featuredmedia":[{"embeddable":true,"href":"https:\/\/dev.vkiwi.mx\/index.php\/wp-json\/wp\/v2\/media\/5743"}],"wp:attachment":[{"href":"https:\/\/dev.vkiwi.mx\/index.php\/wp-json\/wp\/v2\/media?parent=5736"}],"wp:term":[{"taxonomy":"product_cat","embeddable":true,"href":"https:\/\/dev.vkiwi.mx\/index.php\/wp-json\/wp\/v2\/product_cat?post=5736"},{"taxonomy":"product_tag","embeddable":true,"href":"https:\/\/dev.vkiwi.mx\/index.php\/wp-json\/wp\/v2\/product_tag?post=5736"}],"curies":[{"name":"wp","href":"https:\/\/api.w.org\/{rel}","templated":true}]}}