{"id":5925,"date":"2024-09-10T20:52:19","date_gmt":"2024-09-10T20:52:19","guid":{"rendered":"https:\/\/dev.vkiwi.mx\/?post_type=product&#038;p=5925"},"modified":"2024-09-10T20:52:19","modified_gmt":"2024-09-10T20:52:19","slug":"termo-artisan","status":"publish","type":"product","link":"https:\/\/dev.vkiwi.mx\/index.php\/producto\/termo-artisan\/","title":{"rendered":"TERMO ARTISAN"},"content":{"rendered":"<p><img fetchpriority=\"high\" decoding=\"async\" class=\"alignnone size-full wp-image-5926\" src=\"https:\/\/dev.vkiwi.mx\/wp-content\/uploads\/2024\/09\/elm-001_n-Photoroom.png\" alt=\"\" width=\"1200\" height=\"1200\" \/><\/p>\n<h4>TERMO ARTISAN<\/h4>\n<p>Tecnolog\u00eda TrueBarrier\u2122 que usa aislamiento de triple pared. Doble pared de acero inoxidable y una capa de<br \/>\nrevestimiento de cobre. Cerrado al vac\u00edo. Material BPA free. Tapa de cer\u00e1mica con tap\u00f3n de seguridad, su forma evita derrames y quemaduras al tomar. Banda de silic\u00f3n texturizada antiderrapante. Compatible con portavasos. Base antiderrapante. Mantiene temperatura caliente 6 hrs y fr\u00eda 18 hrs aproximadamente. Incluye caja individual.<br \/>\nInformaci\u00f3n B\u00e1sica Informaci\u00f3n de impresi\u00f3n Informaci\u00f3n de empaque<br \/>\nCategor\u00eda TERMOS<br \/>\nMET\u00c1LICOS<br \/>\nMaterial Acero Inoxidable \/<br \/>\nCer\u00e1mica \/ Silic\u00f3n<br \/>\nMedida 7.6 x 17.7 cm<br \/>\nCapacidad 475 ml<br \/>\nT\u00e9cnica L\u00e1ser \/ Dtf Uv<br \/>\n\u00c1rea 6 x 2 Arriba \/ 6 x 5 cm<\/p>\n","protected":false},"excerpt":{"rendered":"<p>Tecnolog\u00eda TrueBarrier\u2122 que usa aislamiento de triple pared. Doble pared de acero inoxidable y una capa de<br \/>\nrevestimiento de cobre. Cerrado al vac\u00edo. Material BPA free. Tapa de cer\u00e1mica con tap\u00f3n de seguridad, su forma evita derrames y quemaduras al tomar.<\/p>\n","protected":false},"featured_media":5945,"comment_status":"open","ping_status":"closed","template":"","meta":[],"product_cat":[53,15],"product_tag":[],"class_list":{"0":"post-5925","1":"product","2":"type-product","3":"status-publish","4":"has-post-thumbnail","6":"product_cat-bebidas","7":"product_cat-termos","9":"first","10":"outofstock","11":"taxable","12":"shipping-taxable","13":"purchasable","14":"product-type-variable"},"yoast_head":"<!-- This site is optimized with the Yoast SEO plugin v22.9 - https:\/\/yoast.com\/wordpress\/plugins\/seo\/ -->\n<title>TERMO ARTISAN - V.kiwi<\/title>\n<meta name=\"description\" content=\"Tecnolog\u00eda TrueBarrier\u2122 que usa aislamiento de triple pared. Doble pared de acero inoxidable y una capa derevestimiento de cobre. Cerrado al vac\u00edo.\" \/>\n<meta name=\"robots\" content=\"index, follow, max-snippet:-1, max-image-preview:large, max-video-preview:-1\" \/>\n<link rel=\"canonical\" href=\"https:\/\/dev.vkiwi.mx\/index.php\/producto\/termo-artisan\/\" \/>\n<meta property=\"og:locale\" content=\"es_ES\" \/>\n<meta property=\"og:type\" content=\"article\" \/>\n<meta property=\"og:title\" content=\"TERMO ARTISAN - V.kiwi\" \/>\n<meta property=\"og:description\" content=\"Tecnolog\u00eda TrueBarrier\u2122 que usa aislamiento de triple pared. Doble pared de acero inoxidable y una capa derevestimiento de cobre. Cerrado al vac\u00edo.\" \/>\n<meta property=\"og:url\" content=\"https:\/\/dev.vkiwi.mx\/index.php\/producto\/termo-artisan\/\" \/>\n<meta property=\"og:site_name\" content=\"V.kiwi\" \/>\n<meta property=\"og:image\" content=\"https:\/\/dev.vkiwi.mx\/wp-content\/uploads\/2024\/09\/elm-001-Photoroom.png\" \/>\n\t<meta property=\"og:image:width\" content=\"1200\" \/>\n\t<meta property=\"og:image:height\" content=\"1200\" \/>\n\t<meta property=\"og:image:type\" content=\"image\/png\" \/>\n<meta name=\"twitter:card\" content=\"summary_large_image\" \/>\n<meta name=\"twitter:label1\" content=\"Tiempo de lectura\" \/>\n\t<meta name=\"twitter:data1\" content=\"1 minuto\" \/>\n<script type=\"application\/ld+json\" class=\"yoast-schema-graph\">{\"@context\":\"https:\/\/schema.org\",\"@graph\":[{\"@type\":\"WebPage\",\"@id\":\"https:\/\/dev.vkiwi.mx\/index.php\/producto\/termo-artisan\/\",\"url\":\"https:\/\/dev.vkiwi.mx\/index.php\/producto\/termo-artisan\/\",\"name\":\"TERMO ARTISAN - V.kiwi\",\"isPartOf\":{\"@id\":\"https:\/\/dev.vkiwi.mx\/#website\"},\"primaryImageOfPage\":{\"@id\":\"https:\/\/dev.vkiwi.mx\/index.php\/producto\/termo-artisan\/#primaryimage\"},\"image\":{\"@id\":\"https:\/\/dev.vkiwi.mx\/index.php\/producto\/termo-artisan\/#primaryimage\"},\"thumbnailUrl\":\"https:\/\/dev.vkiwi.mx\/wp-content\/uploads\/2024\/09\/elm-001-Photoroom.png\",\"datePublished\":\"2024-09-10T20:52:19+00:00\",\"dateModified\":\"2024-09-10T20:52:19+00:00\",\"description\":\"Tecnolog\u00eda TrueBarrier\u2122 que usa aislamiento de triple pared. Doble pared de acero inoxidable y una capa derevestimiento de cobre. Cerrado al vac\u00edo.\",\"breadcrumb\":{\"@id\":\"https:\/\/dev.vkiwi.mx\/index.php\/producto\/termo-artisan\/#breadcrumb\"},\"inLanguage\":\"es\",\"potentialAction\":[{\"@type\":\"ReadAction\",\"target\":[\"https:\/\/dev.vkiwi.mx\/index.php\/producto\/termo-artisan\/\"]}]},{\"@type\":\"ImageObject\",\"inLanguage\":\"es\",\"@id\":\"https:\/\/dev.vkiwi.mx\/index.php\/producto\/termo-artisan\/#primaryimage\",\"url\":\"https:\/\/dev.vkiwi.mx\/wp-content\/uploads\/2024\/09\/elm-001-Photoroom.png\",\"contentUrl\":\"https:\/\/dev.vkiwi.mx\/wp-content\/uploads\/2024\/09\/elm-001-Photoroom.png\",\"width\":1200,\"height\":1200},{\"@type\":\"BreadcrumbList\",\"@id\":\"https:\/\/dev.vkiwi.mx\/index.php\/producto\/termo-artisan\/#breadcrumb\",\"itemListElement\":[{\"@type\":\"ListItem\",\"position\":1,\"name\":\"Portada\",\"item\":\"https:\/\/dev.vkiwi.mx\/\"},{\"@type\":\"ListItem\",\"position\":2,\"name\":\"Shop\",\"item\":\"https:\/\/dev.vkiwi.mx\/index.php\/shop\/\"},{\"@type\":\"ListItem\",\"position\":3,\"name\":\"TERMO ARTISAN\"}]},{\"@type\":\"WebSite\",\"@id\":\"https:\/\/dev.vkiwi.mx\/#website\",\"url\":\"https:\/\/dev.vkiwi.mx\/\",\"name\":\"V.kiwi\",\"description\":\"Soluciones graficas\",\"publisher\":{\"@id\":\"https:\/\/dev.vkiwi.mx\/#organization\"},\"potentialAction\":[{\"@type\":\"SearchAction\",\"target\":{\"@type\":\"EntryPoint\",\"urlTemplate\":\"https:\/\/dev.vkiwi.mx\/?s={search_term_string}\"},\"query-input\":\"required name=search_term_string\"}],\"inLanguage\":\"es\"},{\"@type\":\"Organization\",\"@id\":\"https:\/\/dev.vkiwi.mx\/#organization\",\"name\":\"V.kiwi\",\"url\":\"https:\/\/dev.vkiwi.mx\/\",\"logo\":{\"@type\":\"ImageObject\",\"inLanguage\":\"es\",\"@id\":\"https:\/\/dev.vkiwi.mx\/#\/schema\/logo\/image\/\",\"url\":\"https:\/\/dev.vkiwi.mx\/wp-content\/uploads\/2024\/06\/vkiwi_logo-02.png\",\"contentUrl\":\"https:\/\/dev.vkiwi.mx\/wp-content\/uploads\/2024\/06\/vkiwi_logo-02.png\",\"width\":874,\"height\":426,\"caption\":\"V.kiwi\"},\"image\":{\"@id\":\"https:\/\/dev.vkiwi.mx\/#\/schema\/logo\/image\/\"}}]}<\/script>\n<!-- \/ Yoast SEO plugin. -->","yoast_head_json":{"title":"TERMO ARTISAN - V.kiwi","description":"Tecnolog\u00eda TrueBarrier\u2122 que usa aislamiento de triple pared. Doble pared de acero inoxidable y una capa derevestimiento de cobre. Cerrado al vac\u00edo.","robots":{"index":"index","follow":"follow","max-snippet":"max-snippet:-1","max-image-preview":"max-image-preview:large","max-video-preview":"max-video-preview:-1"},"canonical":"https:\/\/dev.vkiwi.mx\/index.php\/producto\/termo-artisan\/","og_locale":"es_ES","og_type":"article","og_title":"TERMO ARTISAN - V.kiwi","og_description":"Tecnolog\u00eda TrueBarrier\u2122 que usa aislamiento de triple pared. Doble pared de acero inoxidable y una capa derevestimiento de cobre. Cerrado al vac\u00edo.","og_url":"https:\/\/dev.vkiwi.mx\/index.php\/producto\/termo-artisan\/","og_site_name":"V.kiwi","og_image":[{"width":1200,"height":1200,"url":"https:\/\/dev.vkiwi.mx\/wp-content\/uploads\/2024\/09\/elm-001-Photoroom.png","type":"image\/png"}],"twitter_card":"summary_large_image","twitter_misc":{"Tiempo de lectura":"1 minuto"},"schema":{"@context":"https:\/\/schema.org","@graph":[{"@type":"WebPage","@id":"https:\/\/dev.vkiwi.mx\/index.php\/producto\/termo-artisan\/","url":"https:\/\/dev.vkiwi.mx\/index.php\/producto\/termo-artisan\/","name":"TERMO ARTISAN - V.kiwi","isPartOf":{"@id":"https:\/\/dev.vkiwi.mx\/#website"},"primaryImageOfPage":{"@id":"https:\/\/dev.vkiwi.mx\/index.php\/producto\/termo-artisan\/#primaryimage"},"image":{"@id":"https:\/\/dev.vkiwi.mx\/index.php\/producto\/termo-artisan\/#primaryimage"},"thumbnailUrl":"https:\/\/dev.vkiwi.mx\/wp-content\/uploads\/2024\/09\/elm-001-Photoroom.png","datePublished":"2024-09-10T20:52:19+00:00","dateModified":"2024-09-10T20:52:19+00:00","description":"Tecnolog\u00eda TrueBarrier\u2122 que usa aislamiento de triple pared. Doble pared de acero inoxidable y una capa derevestimiento de cobre. Cerrado al vac\u00edo.","breadcrumb":{"@id":"https:\/\/dev.vkiwi.mx\/index.php\/producto\/termo-artisan\/#breadcrumb"},"inLanguage":"es","potentialAction":[{"@type":"ReadAction","target":["https:\/\/dev.vkiwi.mx\/index.php\/producto\/termo-artisan\/"]}]},{"@type":"ImageObject","inLanguage":"es","@id":"https:\/\/dev.vkiwi.mx\/index.php\/producto\/termo-artisan\/#primaryimage","url":"https:\/\/dev.vkiwi.mx\/wp-content\/uploads\/2024\/09\/elm-001-Photoroom.png","contentUrl":"https:\/\/dev.vkiwi.mx\/wp-content\/uploads\/2024\/09\/elm-001-Photoroom.png","width":1200,"height":1200},{"@type":"BreadcrumbList","@id":"https:\/\/dev.vkiwi.mx\/index.php\/producto\/termo-artisan\/#breadcrumb","itemListElement":[{"@type":"ListItem","position":1,"name":"Portada","item":"https:\/\/dev.vkiwi.mx\/"},{"@type":"ListItem","position":2,"name":"Shop","item":"https:\/\/dev.vkiwi.mx\/index.php\/shop\/"},{"@type":"ListItem","position":3,"name":"TERMO ARTISAN"}]},{"@type":"WebSite","@id":"https:\/\/dev.vkiwi.mx\/#website","url":"https:\/\/dev.vkiwi.mx\/","name":"V.kiwi","description":"Soluciones graficas","publisher":{"@id":"https:\/\/dev.vkiwi.mx\/#organization"},"potentialAction":[{"@type":"SearchAction","target":{"@type":"EntryPoint","urlTemplate":"https:\/\/dev.vkiwi.mx\/?s={search_term_string}"},"query-input":"required name=search_term_string"}],"inLanguage":"es"},{"@type":"Organization","@id":"https:\/\/dev.vkiwi.mx\/#organization","name":"V.kiwi","url":"https:\/\/dev.vkiwi.mx\/","logo":{"@type":"ImageObject","inLanguage":"es","@id":"https:\/\/dev.vkiwi.mx\/#\/schema\/logo\/image\/","url":"https:\/\/dev.vkiwi.mx\/wp-content\/uploads\/2024\/06\/vkiwi_logo-02.png","contentUrl":"https:\/\/dev.vkiwi.mx\/wp-content\/uploads\/2024\/06\/vkiwi_logo-02.png","width":874,"height":426,"caption":"V.kiwi"},"image":{"@id":"https:\/\/dev.vkiwi.mx\/#\/schema\/logo\/image\/"}}]}},"jetpack_sharing_enabled":true,"_links":{"self":[{"href":"https:\/\/dev.vkiwi.mx\/index.php\/wp-json\/wp\/v2\/product\/5925","targetHints":{"allow":["GET"]}}],"collection":[{"href":"https:\/\/dev.vkiwi.mx\/index.php\/wp-json\/wp\/v2\/product"}],"about":[{"href":"https:\/\/dev.vkiwi.mx\/index.php\/wp-json\/wp\/v2\/types\/product"}],"replies":[{"embeddable":true,"href":"https:\/\/dev.vkiwi.mx\/index.php\/wp-json\/wp\/v2\/comments?post=5925"}],"wp:featuredmedia":[{"embeddable":true,"href":"https:\/\/dev.vkiwi.mx\/index.php\/wp-json\/wp\/v2\/media\/5945"}],"wp:attachment":[{"href":"https:\/\/dev.vkiwi.mx\/index.php\/wp-json\/wp\/v2\/media?parent=5925"}],"wp:term":[{"taxonomy":"product_cat","embeddable":true,"href":"https:\/\/dev.vkiwi.mx\/index.php\/wp-json\/wp\/v2\/product_cat?post=5925"},{"taxonomy":"product_tag","embeddable":true,"href":"https:\/\/dev.vkiwi.mx\/index.php\/wp-json\/wp\/v2\/product_tag?post=5925"}],"curies":[{"name":"wp","href":"https:\/\/api.w.org\/{rel}","templated":true}]}}