{"id":6038,"date":"2024-09-18T20:50:28","date_gmt":"2024-09-18T20:50:28","guid":{"rendered":"https:\/\/dev.vkiwi.mx\/?post_type=product&#038;p=6038"},"modified":"2024-09-18T20:50:29","modified_gmt":"2024-09-18T20:50:29","slug":"termo-boulder","status":"publish","type":"product","link":"https:\/\/dev.vkiwi.mx\/index.php\/producto\/termo-boulder\/","title":{"rendered":"TERMO BOULDER"},"content":{"rendered":"<p><img fetchpriority=\"high\" decoding=\"async\" class=\"alignnone size-full wp-image-6050\" src=\"https:\/\/dev.vkiwi.mx\/wp-content\/uploads\/2024\/09\/evs-003-Photoroom-1.png\" alt=\"\" width=\"1200\" height=\"1200\" \/><\/p>\n<h4>TERMO BOULDER<\/h4>\n<p>Tecnolog\u00eda TriMax\u2122 que usa aislamiento de triple pared. Doble pared de acero inoxidable y una capa de revestimiento de cobre, para proporcionar la m\u00e1xima retenci\u00f3n de temperatura. Cerrado al vac\u00edo. Mantiene temperatura caliente 14 hrs y fr\u00eda 72 hrs aproximadamente. Incluye filtro de acero inoxidable para t\u00e9, fruta o hielos. La tapa Reflecta\u2122 est\u00e1 aislada y revestida con acero inoxidable, lo que mejora la retenci\u00f3n de la temperatura y evita que las bebidas toquen el pl\u00e1stico. La tapa tambi\u00e9n cuenta con doble apertura, con una boca ancha para facilitar el llenado y una boca peque\u00f1a para beber, un asa de silic\u00f3n resistente y flexible integrada y un sellado seguro a prueba de fugas. Material BPA free. El ancho del termo se ajusta a la mayor\u00eda de los portavasos, ideal para utilizar en autom\u00f3vil. Incluye un protector de silic\u00f3n en la base para prevenir abolladuras y es antiderrapante. Incluye caja individual.<br \/>\nCategor\u00eda TERMOS MET\u00c1LICOS<br \/>\nMaterial Acero Inoxidable \/ Pl\u00e1stico<br \/>\nMedida 7.4 x 29 cm<br \/>\nCapacidad 709 ml<br \/>\nT\u00e9cnica L\u00e1ser \/ Serigraf\u00eda<br \/>\n\u00c1rea 6 x 8 cm<\/p>\n","protected":false},"excerpt":{"rendered":"<p>Tecnolog\u00eda TriMax\u2122 que usa aislamiento de triple pared. Doble pared de acero inoxidable y una capa de revestimiento de cobre, para proporcionar la m\u00e1xima retenci\u00f3n de temperatura.<\/p>\n","protected":false},"featured_media":6050,"comment_status":"open","ping_status":"closed","template":"","meta":[],"product_cat":[53,15],"product_tag":[],"class_list":{"0":"post-6038","1":"product","2":"type-product","3":"status-publish","4":"has-post-thumbnail","6":"product_cat-bebidas","7":"product_cat-termos","9":"first","10":"outofstock","11":"taxable","12":"shipping-taxable","13":"purchasable","14":"product-type-variable"},"yoast_head":"<!-- This site is optimized with the Yoast SEO plugin v22.9 - https:\/\/yoast.com\/wordpress\/plugins\/seo\/ -->\n<title>TERMO BOULDER - V.kiwi<\/title>\n<meta name=\"description\" content=\"Tecnolog\u00eda TriMax\u2122 que usa aislamiento de triple pared. Doble pared de acero inoxidable y una capa de revestimiento de cobre,\" \/>\n<meta name=\"robots\" content=\"index, follow, max-snippet:-1, max-image-preview:large, max-video-preview:-1\" \/>\n<link rel=\"canonical\" href=\"https:\/\/dev.vkiwi.mx\/index.php\/producto\/termo-boulder\/\" \/>\n<meta property=\"og:locale\" content=\"es_ES\" \/>\n<meta property=\"og:type\" content=\"article\" \/>\n<meta property=\"og:title\" content=\"TERMO BOULDER - V.kiwi\" \/>\n<meta property=\"og:description\" content=\"Tecnolog\u00eda TriMax\u2122 que usa aislamiento de triple pared. Doble pared de acero inoxidable y una capa de revestimiento de cobre,\" \/>\n<meta property=\"og:url\" content=\"https:\/\/dev.vkiwi.mx\/index.php\/producto\/termo-boulder\/\" \/>\n<meta property=\"og:site_name\" content=\"V.kiwi\" \/>\n<meta property=\"article:modified_time\" content=\"2024-09-18T20:50:29+00:00\" \/>\n<meta property=\"og:image\" content=\"https:\/\/dev.vkiwi.mx\/wp-content\/uploads\/2024\/09\/evs-003-Photoroom-1.png\" \/>\n\t<meta property=\"og:image:width\" content=\"1200\" \/>\n\t<meta property=\"og:image:height\" content=\"1200\" \/>\n\t<meta property=\"og:image:type\" content=\"image\/png\" \/>\n<meta name=\"twitter:card\" content=\"summary_large_image\" \/>\n<meta name=\"twitter:label1\" content=\"Tiempo de lectura\" \/>\n\t<meta name=\"twitter:data1\" content=\"2 minutos\" \/>\n<script type=\"application\/ld+json\" class=\"yoast-schema-graph\">{\"@context\":\"https:\/\/schema.org\",\"@graph\":[{\"@type\":\"WebPage\",\"@id\":\"https:\/\/dev.vkiwi.mx\/index.php\/producto\/termo-boulder\/\",\"url\":\"https:\/\/dev.vkiwi.mx\/index.php\/producto\/termo-boulder\/\",\"name\":\"TERMO BOULDER - V.kiwi\",\"isPartOf\":{\"@id\":\"https:\/\/dev.vkiwi.mx\/#website\"},\"primaryImageOfPage\":{\"@id\":\"https:\/\/dev.vkiwi.mx\/index.php\/producto\/termo-boulder\/#primaryimage\"},\"image\":{\"@id\":\"https:\/\/dev.vkiwi.mx\/index.php\/producto\/termo-boulder\/#primaryimage\"},\"thumbnailUrl\":\"https:\/\/dev.vkiwi.mx\/wp-content\/uploads\/2024\/09\/evs-003-Photoroom-1.png\",\"datePublished\":\"2024-09-18T20:50:28+00:00\",\"dateModified\":\"2024-09-18T20:50:29+00:00\",\"description\":\"Tecnolog\u00eda TriMax\u2122 que usa aislamiento de triple pared. Doble pared de acero inoxidable y una capa de revestimiento de cobre,\",\"breadcrumb\":{\"@id\":\"https:\/\/dev.vkiwi.mx\/index.php\/producto\/termo-boulder\/#breadcrumb\"},\"inLanguage\":\"es\",\"potentialAction\":[{\"@type\":\"ReadAction\",\"target\":[\"https:\/\/dev.vkiwi.mx\/index.php\/producto\/termo-boulder\/\"]}]},{\"@type\":\"ImageObject\",\"inLanguage\":\"es\",\"@id\":\"https:\/\/dev.vkiwi.mx\/index.php\/producto\/termo-boulder\/#primaryimage\",\"url\":\"https:\/\/dev.vkiwi.mx\/wp-content\/uploads\/2024\/09\/evs-003-Photoroom-1.png\",\"contentUrl\":\"https:\/\/dev.vkiwi.mx\/wp-content\/uploads\/2024\/09\/evs-003-Photoroom-1.png\",\"width\":1200,\"height\":1200},{\"@type\":\"BreadcrumbList\",\"@id\":\"https:\/\/dev.vkiwi.mx\/index.php\/producto\/termo-boulder\/#breadcrumb\",\"itemListElement\":[{\"@type\":\"ListItem\",\"position\":1,\"name\":\"Portada\",\"item\":\"https:\/\/dev.vkiwi.mx\/\"},{\"@type\":\"ListItem\",\"position\":2,\"name\":\"Shop\",\"item\":\"https:\/\/dev.vkiwi.mx\/index.php\/shop\/\"},{\"@type\":\"ListItem\",\"position\":3,\"name\":\"TERMO BOULDER\"}]},{\"@type\":\"WebSite\",\"@id\":\"https:\/\/dev.vkiwi.mx\/#website\",\"url\":\"https:\/\/dev.vkiwi.mx\/\",\"name\":\"V.kiwi\",\"description\":\"Soluciones graficas\",\"publisher\":{\"@id\":\"https:\/\/dev.vkiwi.mx\/#organization\"},\"potentialAction\":[{\"@type\":\"SearchAction\",\"target\":{\"@type\":\"EntryPoint\",\"urlTemplate\":\"https:\/\/dev.vkiwi.mx\/?s={search_term_string}\"},\"query-input\":\"required name=search_term_string\"}],\"inLanguage\":\"es\"},{\"@type\":\"Organization\",\"@id\":\"https:\/\/dev.vkiwi.mx\/#organization\",\"name\":\"V.kiwi\",\"url\":\"https:\/\/dev.vkiwi.mx\/\",\"logo\":{\"@type\":\"ImageObject\",\"inLanguage\":\"es\",\"@id\":\"https:\/\/dev.vkiwi.mx\/#\/schema\/logo\/image\/\",\"url\":\"https:\/\/dev.vkiwi.mx\/wp-content\/uploads\/2024\/06\/vkiwi_logo-02.png\",\"contentUrl\":\"https:\/\/dev.vkiwi.mx\/wp-content\/uploads\/2024\/06\/vkiwi_logo-02.png\",\"width\":874,\"height\":426,\"caption\":\"V.kiwi\"},\"image\":{\"@id\":\"https:\/\/dev.vkiwi.mx\/#\/schema\/logo\/image\/\"}}]}<\/script>\n<!-- \/ Yoast SEO plugin. -->","yoast_head_json":{"title":"TERMO BOULDER - V.kiwi","description":"Tecnolog\u00eda TriMax\u2122 que usa aislamiento de triple pared. Doble pared de acero inoxidable y una capa de revestimiento de cobre,","robots":{"index":"index","follow":"follow","max-snippet":"max-snippet:-1","max-image-preview":"max-image-preview:large","max-video-preview":"max-video-preview:-1"},"canonical":"https:\/\/dev.vkiwi.mx\/index.php\/producto\/termo-boulder\/","og_locale":"es_ES","og_type":"article","og_title":"TERMO BOULDER - V.kiwi","og_description":"Tecnolog\u00eda TriMax\u2122 que usa aislamiento de triple pared. Doble pared de acero inoxidable y una capa de revestimiento de cobre,","og_url":"https:\/\/dev.vkiwi.mx\/index.php\/producto\/termo-boulder\/","og_site_name":"V.kiwi","article_modified_time":"2024-09-18T20:50:29+00:00","og_image":[{"width":1200,"height":1200,"url":"https:\/\/dev.vkiwi.mx\/wp-content\/uploads\/2024\/09\/evs-003-Photoroom-1.png","type":"image\/png"}],"twitter_card":"summary_large_image","twitter_misc":{"Tiempo de lectura":"2 minutos"},"schema":{"@context":"https:\/\/schema.org","@graph":[{"@type":"WebPage","@id":"https:\/\/dev.vkiwi.mx\/index.php\/producto\/termo-boulder\/","url":"https:\/\/dev.vkiwi.mx\/index.php\/producto\/termo-boulder\/","name":"TERMO BOULDER - V.kiwi","isPartOf":{"@id":"https:\/\/dev.vkiwi.mx\/#website"},"primaryImageOfPage":{"@id":"https:\/\/dev.vkiwi.mx\/index.php\/producto\/termo-boulder\/#primaryimage"},"image":{"@id":"https:\/\/dev.vkiwi.mx\/index.php\/producto\/termo-boulder\/#primaryimage"},"thumbnailUrl":"https:\/\/dev.vkiwi.mx\/wp-content\/uploads\/2024\/09\/evs-003-Photoroom-1.png","datePublished":"2024-09-18T20:50:28+00:00","dateModified":"2024-09-18T20:50:29+00:00","description":"Tecnolog\u00eda TriMax\u2122 que usa aislamiento de triple pared. Doble pared de acero inoxidable y una capa de revestimiento de cobre,","breadcrumb":{"@id":"https:\/\/dev.vkiwi.mx\/index.php\/producto\/termo-boulder\/#breadcrumb"},"inLanguage":"es","potentialAction":[{"@type":"ReadAction","target":["https:\/\/dev.vkiwi.mx\/index.php\/producto\/termo-boulder\/"]}]},{"@type":"ImageObject","inLanguage":"es","@id":"https:\/\/dev.vkiwi.mx\/index.php\/producto\/termo-boulder\/#primaryimage","url":"https:\/\/dev.vkiwi.mx\/wp-content\/uploads\/2024\/09\/evs-003-Photoroom-1.png","contentUrl":"https:\/\/dev.vkiwi.mx\/wp-content\/uploads\/2024\/09\/evs-003-Photoroom-1.png","width":1200,"height":1200},{"@type":"BreadcrumbList","@id":"https:\/\/dev.vkiwi.mx\/index.php\/producto\/termo-boulder\/#breadcrumb","itemListElement":[{"@type":"ListItem","position":1,"name":"Portada","item":"https:\/\/dev.vkiwi.mx\/"},{"@type":"ListItem","position":2,"name":"Shop","item":"https:\/\/dev.vkiwi.mx\/index.php\/shop\/"},{"@type":"ListItem","position":3,"name":"TERMO BOULDER"}]},{"@type":"WebSite","@id":"https:\/\/dev.vkiwi.mx\/#website","url":"https:\/\/dev.vkiwi.mx\/","name":"V.kiwi","description":"Soluciones graficas","publisher":{"@id":"https:\/\/dev.vkiwi.mx\/#organization"},"potentialAction":[{"@type":"SearchAction","target":{"@type":"EntryPoint","urlTemplate":"https:\/\/dev.vkiwi.mx\/?s={search_term_string}"},"query-input":"required name=search_term_string"}],"inLanguage":"es"},{"@type":"Organization","@id":"https:\/\/dev.vkiwi.mx\/#organization","name":"V.kiwi","url":"https:\/\/dev.vkiwi.mx\/","logo":{"@type":"ImageObject","inLanguage":"es","@id":"https:\/\/dev.vkiwi.mx\/#\/schema\/logo\/image\/","url":"https:\/\/dev.vkiwi.mx\/wp-content\/uploads\/2024\/06\/vkiwi_logo-02.png","contentUrl":"https:\/\/dev.vkiwi.mx\/wp-content\/uploads\/2024\/06\/vkiwi_logo-02.png","width":874,"height":426,"caption":"V.kiwi"},"image":{"@id":"https:\/\/dev.vkiwi.mx\/#\/schema\/logo\/image\/"}}]}},"jetpack_sharing_enabled":true,"_links":{"self":[{"href":"https:\/\/dev.vkiwi.mx\/index.php\/wp-json\/wp\/v2\/product\/6038","targetHints":{"allow":["GET"]}}],"collection":[{"href":"https:\/\/dev.vkiwi.mx\/index.php\/wp-json\/wp\/v2\/product"}],"about":[{"href":"https:\/\/dev.vkiwi.mx\/index.php\/wp-json\/wp\/v2\/types\/product"}],"replies":[{"embeddable":true,"href":"https:\/\/dev.vkiwi.mx\/index.php\/wp-json\/wp\/v2\/comments?post=6038"}],"wp:featuredmedia":[{"embeddable":true,"href":"https:\/\/dev.vkiwi.mx\/index.php\/wp-json\/wp\/v2\/media\/6050"}],"wp:attachment":[{"href":"https:\/\/dev.vkiwi.mx\/index.php\/wp-json\/wp\/v2\/media?parent=6038"}],"wp:term":[{"taxonomy":"product_cat","embeddable":true,"href":"https:\/\/dev.vkiwi.mx\/index.php\/wp-json\/wp\/v2\/product_cat?post=6038"},{"taxonomy":"product_tag","embeddable":true,"href":"https:\/\/dev.vkiwi.mx\/index.php\/wp-json\/wp\/v2\/product_tag?post=6038"}],"curies":[{"name":"wp","href":"https:\/\/api.w.org\/{rel}","templated":true}]}}