{"id":6286,"date":"2024-09-27T20:35:47","date_gmt":"2024-09-27T20:35:47","guid":{"rendered":"https:\/\/dev.vkiwi.mx\/?post_type=product&#038;p=6286"},"modified":"2024-09-27T20:35:47","modified_gmt":"2024-09-27T20:35:47","slug":"termo-hachi","status":"publish","type":"product","link":"https:\/\/dev.vkiwi.mx\/index.php\/producto\/termo-hachi\/","title":{"rendered":"TERMO HACHI"},"content":{"rendered":"<p><img fetchpriority=\"high\" decoding=\"async\" class=\"alignnone size-full wp-image-6287\" src=\"https:\/\/dev.vkiwi.mx\/wp-content\/uploads\/2024\/09\/tmps-184_1-Photoroom.png\" alt=\"\" width=\"1200\" height=\"1200\" \/><\/p>\n<h4>TERMO HACHI<\/h4>\n<p>Doble pared. Cerrado al vac\u00edo. Pared interna y externa de acero inoxidable. Tapa de pl\u00e1stico con sistema de rosca,<br \/>\nsobretapa de silic\u00f3n y aro met\u00e1lico removible. Mantiene temperatura caliente 6 hrs y temperatura fr\u00eda 8 hrs<br \/>\naproximadamente. Incluye caja individual.<br \/>\nInformaci\u00f3n B\u00e1sica Informaci\u00f3n de impresi\u00f3n Informaci\u00f3n de empaque<br \/>\nMaterial Acero Inoxidable \/ Silic\u00f3n<br \/>\nMedida 5.5 x 18.5 cm<br \/>\nCapacidad 450 ml<br \/>\nT\u00e9cnica L\u00e1ser \/Dtf Uv<br \/>\n\u00c1rea 2 x 10 cm<\/p>\n","protected":false},"excerpt":{"rendered":"<p>Doble pared. Cerrado al vac\u00edo. Pared interna y externa de acero inoxidable. Tapa de pl\u00e1stico con sistema de rosca,<br \/>\nsobretapa de silic\u00f3n y aro met\u00e1lico removible. Mantiene temperatura caliente 6 hrs y temperatura fr\u00eda 8 hrs<br \/>\naproximadamente.<\/p>\n","protected":false},"featured_media":6287,"comment_status":"open","ping_status":"closed","template":"","meta":[],"product_cat":[15],"product_tag":[],"class_list":{"0":"post-6286","1":"product","2":"type-product","3":"status-publish","4":"has-post-thumbnail","6":"product_cat-termos","8":"first","9":"outofstock","10":"taxable","11":"shipping-taxable","12":"purchasable","13":"product-type-variable"},"yoast_head":"<!-- This site is optimized with the Yoast SEO plugin v22.9 - https:\/\/yoast.com\/wordpress\/plugins\/seo\/ -->\n<title>TERMO HACHI - V.kiwi<\/title>\n<meta name=\"description\" content=\"Doble pared. Cerrado al vac\u00edo. Pared interna y externa de acero inoxidable. Tapa de pl\u00e1stico con sistema de rosca, sobretapa de silic\u00f3n y aro met\u00e1lico\" \/>\n<meta name=\"robots\" content=\"index, follow, max-snippet:-1, max-image-preview:large, max-video-preview:-1\" \/>\n<link rel=\"canonical\" href=\"https:\/\/dev.vkiwi.mx\/index.php\/producto\/termo-hachi\/\" \/>\n<meta property=\"og:locale\" content=\"es_ES\" \/>\n<meta property=\"og:type\" content=\"article\" \/>\n<meta property=\"og:title\" content=\"TERMO HACHI - V.kiwi\" \/>\n<meta property=\"og:description\" content=\"Doble pared. Cerrado al vac\u00edo. Pared interna y externa de acero inoxidable. Tapa de pl\u00e1stico con sistema de rosca, sobretapa de silic\u00f3n y aro met\u00e1lico\" \/>\n<meta property=\"og:url\" content=\"https:\/\/dev.vkiwi.mx\/index.php\/producto\/termo-hachi\/\" \/>\n<meta property=\"og:site_name\" content=\"V.kiwi\" \/>\n<meta property=\"og:image\" content=\"https:\/\/dev.vkiwi.mx\/wp-content\/uploads\/2024\/09\/tmps-184_1-Photoroom.png\" \/>\n\t<meta property=\"og:image:width\" content=\"1200\" \/>\n\t<meta property=\"og:image:height\" content=\"1200\" \/>\n\t<meta property=\"og:image:type\" content=\"image\/png\" \/>\n<meta name=\"twitter:card\" content=\"summary_large_image\" \/>\n<meta name=\"twitter:label1\" content=\"Tiempo de lectura\" \/>\n\t<meta name=\"twitter:data1\" content=\"1 minuto\" \/>\n<script type=\"application\/ld+json\" class=\"yoast-schema-graph\">{\"@context\":\"https:\/\/schema.org\",\"@graph\":[{\"@type\":\"WebPage\",\"@id\":\"https:\/\/dev.vkiwi.mx\/index.php\/producto\/termo-hachi\/\",\"url\":\"https:\/\/dev.vkiwi.mx\/index.php\/producto\/termo-hachi\/\",\"name\":\"TERMO HACHI - V.kiwi\",\"isPartOf\":{\"@id\":\"https:\/\/dev.vkiwi.mx\/#website\"},\"primaryImageOfPage\":{\"@id\":\"https:\/\/dev.vkiwi.mx\/index.php\/producto\/termo-hachi\/#primaryimage\"},\"image\":{\"@id\":\"https:\/\/dev.vkiwi.mx\/index.php\/producto\/termo-hachi\/#primaryimage\"},\"thumbnailUrl\":\"https:\/\/dev.vkiwi.mx\/wp-content\/uploads\/2024\/09\/tmps-184_1-Photoroom.png\",\"datePublished\":\"2024-09-27T20:35:47+00:00\",\"dateModified\":\"2024-09-27T20:35:47+00:00\",\"description\":\"Doble pared. Cerrado al vac\u00edo. Pared interna y externa de acero inoxidable. Tapa de pl\u00e1stico con sistema de rosca, sobretapa de silic\u00f3n y aro met\u00e1lico\",\"breadcrumb\":{\"@id\":\"https:\/\/dev.vkiwi.mx\/index.php\/producto\/termo-hachi\/#breadcrumb\"},\"inLanguage\":\"es\",\"potentialAction\":[{\"@type\":\"ReadAction\",\"target\":[\"https:\/\/dev.vkiwi.mx\/index.php\/producto\/termo-hachi\/\"]}]},{\"@type\":\"ImageObject\",\"inLanguage\":\"es\",\"@id\":\"https:\/\/dev.vkiwi.mx\/index.php\/producto\/termo-hachi\/#primaryimage\",\"url\":\"https:\/\/dev.vkiwi.mx\/wp-content\/uploads\/2024\/09\/tmps-184_1-Photoroom.png\",\"contentUrl\":\"https:\/\/dev.vkiwi.mx\/wp-content\/uploads\/2024\/09\/tmps-184_1-Photoroom.png\",\"width\":1200,\"height\":1200},{\"@type\":\"BreadcrumbList\",\"@id\":\"https:\/\/dev.vkiwi.mx\/index.php\/producto\/termo-hachi\/#breadcrumb\",\"itemListElement\":[{\"@type\":\"ListItem\",\"position\":1,\"name\":\"Portada\",\"item\":\"https:\/\/dev.vkiwi.mx\/\"},{\"@type\":\"ListItem\",\"position\":2,\"name\":\"Shop\",\"item\":\"https:\/\/dev.vkiwi.mx\/index.php\/shop\/\"},{\"@type\":\"ListItem\",\"position\":3,\"name\":\"TERMO HACHI\"}]},{\"@type\":\"WebSite\",\"@id\":\"https:\/\/dev.vkiwi.mx\/#website\",\"url\":\"https:\/\/dev.vkiwi.mx\/\",\"name\":\"V.kiwi\",\"description\":\"Soluciones graficas\",\"publisher\":{\"@id\":\"https:\/\/dev.vkiwi.mx\/#organization\"},\"potentialAction\":[{\"@type\":\"SearchAction\",\"target\":{\"@type\":\"EntryPoint\",\"urlTemplate\":\"https:\/\/dev.vkiwi.mx\/?s={search_term_string}\"},\"query-input\":\"required name=search_term_string\"}],\"inLanguage\":\"es\"},{\"@type\":\"Organization\",\"@id\":\"https:\/\/dev.vkiwi.mx\/#organization\",\"name\":\"V.kiwi\",\"url\":\"https:\/\/dev.vkiwi.mx\/\",\"logo\":{\"@type\":\"ImageObject\",\"inLanguage\":\"es\",\"@id\":\"https:\/\/dev.vkiwi.mx\/#\/schema\/logo\/image\/\",\"url\":\"https:\/\/dev.vkiwi.mx\/wp-content\/uploads\/2024\/06\/vkiwi_logo-02.png\",\"contentUrl\":\"https:\/\/dev.vkiwi.mx\/wp-content\/uploads\/2024\/06\/vkiwi_logo-02.png\",\"width\":874,\"height\":426,\"caption\":\"V.kiwi\"},\"image\":{\"@id\":\"https:\/\/dev.vkiwi.mx\/#\/schema\/logo\/image\/\"}}]}<\/script>\n<!-- \/ Yoast SEO plugin. -->","yoast_head_json":{"title":"TERMO HACHI - V.kiwi","description":"Doble pared. Cerrado al vac\u00edo. Pared interna y externa de acero inoxidable. Tapa de pl\u00e1stico con sistema de rosca, sobretapa de silic\u00f3n y aro met\u00e1lico","robots":{"index":"index","follow":"follow","max-snippet":"max-snippet:-1","max-image-preview":"max-image-preview:large","max-video-preview":"max-video-preview:-1"},"canonical":"https:\/\/dev.vkiwi.mx\/index.php\/producto\/termo-hachi\/","og_locale":"es_ES","og_type":"article","og_title":"TERMO HACHI - V.kiwi","og_description":"Doble pared. Cerrado al vac\u00edo. Pared interna y externa de acero inoxidable. Tapa de pl\u00e1stico con sistema de rosca, sobretapa de silic\u00f3n y aro met\u00e1lico","og_url":"https:\/\/dev.vkiwi.mx\/index.php\/producto\/termo-hachi\/","og_site_name":"V.kiwi","og_image":[{"width":1200,"height":1200,"url":"https:\/\/dev.vkiwi.mx\/wp-content\/uploads\/2024\/09\/tmps-184_1-Photoroom.png","type":"image\/png"}],"twitter_card":"summary_large_image","twitter_misc":{"Tiempo de lectura":"1 minuto"},"schema":{"@context":"https:\/\/schema.org","@graph":[{"@type":"WebPage","@id":"https:\/\/dev.vkiwi.mx\/index.php\/producto\/termo-hachi\/","url":"https:\/\/dev.vkiwi.mx\/index.php\/producto\/termo-hachi\/","name":"TERMO HACHI - V.kiwi","isPartOf":{"@id":"https:\/\/dev.vkiwi.mx\/#website"},"primaryImageOfPage":{"@id":"https:\/\/dev.vkiwi.mx\/index.php\/producto\/termo-hachi\/#primaryimage"},"image":{"@id":"https:\/\/dev.vkiwi.mx\/index.php\/producto\/termo-hachi\/#primaryimage"},"thumbnailUrl":"https:\/\/dev.vkiwi.mx\/wp-content\/uploads\/2024\/09\/tmps-184_1-Photoroom.png","datePublished":"2024-09-27T20:35:47+00:00","dateModified":"2024-09-27T20:35:47+00:00","description":"Doble pared. Cerrado al vac\u00edo. Pared interna y externa de acero inoxidable. Tapa de pl\u00e1stico con sistema de rosca, sobretapa de silic\u00f3n y aro met\u00e1lico","breadcrumb":{"@id":"https:\/\/dev.vkiwi.mx\/index.php\/producto\/termo-hachi\/#breadcrumb"},"inLanguage":"es","potentialAction":[{"@type":"ReadAction","target":["https:\/\/dev.vkiwi.mx\/index.php\/producto\/termo-hachi\/"]}]},{"@type":"ImageObject","inLanguage":"es","@id":"https:\/\/dev.vkiwi.mx\/index.php\/producto\/termo-hachi\/#primaryimage","url":"https:\/\/dev.vkiwi.mx\/wp-content\/uploads\/2024\/09\/tmps-184_1-Photoroom.png","contentUrl":"https:\/\/dev.vkiwi.mx\/wp-content\/uploads\/2024\/09\/tmps-184_1-Photoroom.png","width":1200,"height":1200},{"@type":"BreadcrumbList","@id":"https:\/\/dev.vkiwi.mx\/index.php\/producto\/termo-hachi\/#breadcrumb","itemListElement":[{"@type":"ListItem","position":1,"name":"Portada","item":"https:\/\/dev.vkiwi.mx\/"},{"@type":"ListItem","position":2,"name":"Shop","item":"https:\/\/dev.vkiwi.mx\/index.php\/shop\/"},{"@type":"ListItem","position":3,"name":"TERMO HACHI"}]},{"@type":"WebSite","@id":"https:\/\/dev.vkiwi.mx\/#website","url":"https:\/\/dev.vkiwi.mx\/","name":"V.kiwi","description":"Soluciones graficas","publisher":{"@id":"https:\/\/dev.vkiwi.mx\/#organization"},"potentialAction":[{"@type":"SearchAction","target":{"@type":"EntryPoint","urlTemplate":"https:\/\/dev.vkiwi.mx\/?s={search_term_string}"},"query-input":"required name=search_term_string"}],"inLanguage":"es"},{"@type":"Organization","@id":"https:\/\/dev.vkiwi.mx\/#organization","name":"V.kiwi","url":"https:\/\/dev.vkiwi.mx\/","logo":{"@type":"ImageObject","inLanguage":"es","@id":"https:\/\/dev.vkiwi.mx\/#\/schema\/logo\/image\/","url":"https:\/\/dev.vkiwi.mx\/wp-content\/uploads\/2024\/06\/vkiwi_logo-02.png","contentUrl":"https:\/\/dev.vkiwi.mx\/wp-content\/uploads\/2024\/06\/vkiwi_logo-02.png","width":874,"height":426,"caption":"V.kiwi"},"image":{"@id":"https:\/\/dev.vkiwi.mx\/#\/schema\/logo\/image\/"}}]}},"jetpack_sharing_enabled":true,"_links":{"self":[{"href":"https:\/\/dev.vkiwi.mx\/index.php\/wp-json\/wp\/v2\/product\/6286","targetHints":{"allow":["GET"]}}],"collection":[{"href":"https:\/\/dev.vkiwi.mx\/index.php\/wp-json\/wp\/v2\/product"}],"about":[{"href":"https:\/\/dev.vkiwi.mx\/index.php\/wp-json\/wp\/v2\/types\/product"}],"replies":[{"embeddable":true,"href":"https:\/\/dev.vkiwi.mx\/index.php\/wp-json\/wp\/v2\/comments?post=6286"}],"wp:featuredmedia":[{"embeddable":true,"href":"https:\/\/dev.vkiwi.mx\/index.php\/wp-json\/wp\/v2\/media\/6287"}],"wp:attachment":[{"href":"https:\/\/dev.vkiwi.mx\/index.php\/wp-json\/wp\/v2\/media?parent=6286"}],"wp:term":[{"taxonomy":"product_cat","embeddable":true,"href":"https:\/\/dev.vkiwi.mx\/index.php\/wp-json\/wp\/v2\/product_cat?post=6286"},{"taxonomy":"product_tag","embeddable":true,"href":"https:\/\/dev.vkiwi.mx\/index.php\/wp-json\/wp\/v2\/product_tag?post=6286"}],"curies":[{"name":"wp","href":"https:\/\/api.w.org\/{rel}","templated":true}]}}